{"id":15,"date":"2020-06-23T17:52:07","date_gmt":"2020-06-23T17:52:07","guid":{"rendered":"https:\/\/kelmikerho.net\/omat\/?page_id=15"},"modified":"2020-11-19T20:24:29","modified_gmt":"2020-11-19T20:24:29","slug":"siamilainen","status":"publish","type":"page","link":"https:\/\/kelmikerho.net\/omat\/siamilainen\/","title":{"rendered":"Siamilainen"},"content":{"rendered":"<h3>SIAMILAINEN \u2013 Lahja Siamin hovista<\/h3>\n<h6>Siamilainen on ikivanha kissarotu, jonka sirojen tassujen j\u00e4lki\u00e4 on pystytty seuraamaan aina 1600-luvun Siamiin asti. My\u00f6s Kiinassa on l\u00f6ydetty Kielletyn kaupungin muinaisista kirjoituskokoelmista kuvauksia erikoislaatuisesta kissasta, jonka v\u00e4rityksest\u00e4 ei voi erehty\u00e4!<\/h6>\n<p>Siamissa, nykyisess\u00e4 Thaimaassa, n\u00e4it\u00e4 erikoisenn\u00e4k\u00f6isi\u00e4 naamiokissoja pidettiin suuressa arvossa. Jopa siin\u00e4 m\u00e4\u00e4rin, ett\u00e4 niit\u00e4 saivat omistaa vain kuninkaalliset. Brittein saarille ensimm\u00e4iset siamilaiset saapuivat 1800-luvun lopussa ja levisiv\u00e4t pian ymp\u00e4ri maailmaa. Suomeen ensimm\u00e4iset siamilaiset on tuotu jo ennen varsinaisen rotukissatoiminnan alkamista 1940-luvulla.<\/p>\n<p>T\u00e4h\u00e4n temppelikissaan liittyy lukematon m\u00e4\u00e4r\u00e4 taruja ja kertomuksia. Suosituin on ehk\u00e4 tarina muinaisen Siamin prinsessasta, joka tarvitsi kylpiess\u00e4\u00e4n paikan sormuksilleen ja pujotti ne lopulta lempikissansa h\u00e4nt\u00e4\u00e4n. Uskollinen kissa k\u00e4\u00e4nsi h\u00e4nt\u00e4ns\u00e4 koukkuun, jotta sormukset eiv\u00e4t putoaisi eik\u00e4 irrottanut katsettaan kallisarvoisista koruista, jolloin sen silm\u00e4t meniv\u00e4t kieroon. Sadut ovat tietysti satuja, mutta nykyp\u00e4iv\u00e4n\u00e4 siitoskissojen tarkalla valinnalla on pyritty p\u00e4\u00e4sem\u00e4\u00e4n eroon t\u00e4llaisista virheiksi katsottavista ominaisuuksista.<\/p>\n<p>Suomessa rekister\u00f6id\u00e4\u00e4n vuosittain n. 100 siamilaista: vuonna 2012 Suomen Kissaliitossa rekister\u00f6ity m\u00e4\u00e4r\u00e4 oli 127. N\u00e4yttelyiss\u00e4 siamilainen kuuluu it\u00e4maisten kissojen ryhm\u00e4\u00e4n, ns. IV-kategoriaan. Vuosikymmenten kuluessa siamilaista on k\u00e4ytetty my\u00f6s useimpien uudempien kissarotujen jalostamisessa: tyypilt\u00e4\u00e4n l\u00e4himp\u00e4n\u00e4 ovat varmastikin balineesi, it\u00e4mainen lyhyt- ja pitk\u00e4karva sek\u00e4 uusimpina seychellien lyhyt- ja pitk\u00e4karva ja peterbald. Rakkaalla lapsella on monta nime\u00e4: simsku, simsetti, simpatti, siami, simppu ovat ehk\u00e4 niit\u00e4 eniten kuultuja.<\/p>\n<h4>Ulkon\u00e4k\u00f6<\/h4>\n<p>Siamilainen on siro ja elegantti kissa, kooltaan kissamaailman keskikokoa. Jalat ovat korkeat, vartalo tuubimainen ja h\u00e4nt\u00e4 pitk\u00e4 ja piiskamainen. Korvat ovat suuret ja avoimet \u2013 usein kuuleekin puhuttavan \u201dlepakko-kissoista\u201d. Hoikasta ulkomuodostaan huolimatta siamilainen on lihaksikas, usein painavampi kuin mit\u00e4 p\u00e4\u00e4lt\u00e4p\u00e4in uskoisi. My\u00f6s kissan p\u00e4\u00e4 on erityinen: pitk\u00e4 kaula ja kuono, korvat ja naama muodostavat kolmion, kupera p\u00e4\u00e4laki, suora profiili ja mantelinmuotoiset, siniset silm\u00e4t. Turkki on aivan lyhyt, vartalonmy\u00f6t\u00e4inen ja silkkinen. Siamilainen ei ole todellakaan mik\u00e4\u00e4n ulkokissa! Vain l\u00e4mpimin\u00e4 kes\u00e4p\u00e4ivin\u00e4 sit\u00e4 voi ulkoiluttaa esim. valjaissa, joissa se oppii helposti kulkemaan.<\/p>\n<p><img decoding=\"async\" loading=\"lazy\" class=\"alignleft wp-image-57\" src=\"https:\/\/kelmikerho.net\/omat\/wp-content\/uploads\/2020\/11\/sian-228x300.png\" alt=\"\" width=\"314\" height=\"413\" srcset=\"https:\/\/kelmikerho.net\/omat\/wp-content\/uploads\/2020\/11\/sian-228x300.png 228w, https:\/\/kelmikerho.net\/omat\/wp-content\/uploads\/2020\/11\/sian.png 500w\" sizes=\"(max-width: 314px) 100vw, 314px\" \/><\/p>\n<p>Siamilainen syntyy aina valkoisena. T\u00e4m\u00e4 rotu osaa pit\u00e4\u00e4 kasvattajaansa alusta asti j\u00e4nnityksess\u00e4, sill\u00e4 v\u00e4ri alkaa kehitty\u00e4 vasta muutaman p\u00e4iv\u00e4n kuluttua. Jo n. kuukauden ik\u00e4isell\u00e4 siamilaispennulla on n\u00e4ht\u00e4viss\u00e4 rodulle tunnusomainen naamiov\u00e4ritys, joka viel\u00e4 tummuu kissan kasvaessa. Ruumiin viileimm\u00e4t kohdat eli pointit (nen\u00e4\/kasvot, korvat, jalat ja h\u00e4nt\u00e4) ovat v\u00e4rittynytt\u00e4, kun taas vartalo on v\u00e4rilt\u00e4\u00e4n vaaleampi. Poikkeuksen t\u00e4st\u00e4 tekee valkoinen siamilainen, jonka turkki on kokonaan valkoinen. Siamilaisen silm\u00e4t ovat aina siniset. Vanhin ja monen mielest\u00e4 se kaunein v\u00e4ri on ruskeanaamio, jolloin kissan pointit ovat tumman ruskeat, miltei mustat, ja vartalo aivan vaalea. Geneettisesti ruskeanaamio on musta kissa, mutta siamilaisgeenin vaikutuksesta v\u00e4ri muuntuu tummaksi ruskeaksi. Muita ns. klassisia naamiov\u00e4rej\u00e4 ovat sininen, suklaa ja lilanaamio. V\u00e4rej\u00e4 on kuitenkin hyv\u00e4ksytty vuosien varrella lukuisia ja v\u00e4rikirjosta l\u00f6ytyy my\u00f6s raitakuviollisia naamiov\u00e4rej\u00e4, joita kutsutaan tabbynaamioiksi.<\/p>\n<p>Turkki on lyhyt ja helppohoitoinen. Hyvin ruokitun ja hoidetun siamilaisen turkki ei v\u00e4ltt\u00e4m\u00e4tt\u00e4 kaipaa pesua n\u00e4yttelyit\u00e4k\u00e4\u00e4n varten, kynnen k\u00e4rkien leikkaus riitt\u00e4\u00e4. Pahimpaan karvanl\u00e4ht\u00f6aikaan voi k\u00e4ytt\u00e4\u00e4 pehme\u00e4\u00e4 kumisukaa tai Furminator-harjaa, joilla saa k\u00e4tev\u00e4sti h\u00e4\u00e4detty\u00e4 irtokarvat. S\u00e4\u00e4misk\u00e4ll\u00e4 silitt\u00e4m\u00e4ll\u00e4 karvan saa kiilt\u00e4m\u00e4\u00e4n kauniisti ja se poistaa my\u00f6s s\u00e4hk\u00f6isyytt\u00e4.<\/p>\n<p>Sanotaan, ett\u00e4 erikoislaatuisen siamilaisen erottaa muista kissaroduista ummikkokin \u2013 ja vaikka silm\u00e4t kiinni. Rodulla onkin laaja \u00e4\u00e4niskaala, joka ulottuu voimansa tunnossa olevan, leikkaamattoman kollipojan kutsuhuudosta kissaemon hell\u00e4\u00e4n kurinaan pennuilleen\u2026ja kaikkea silt\u00e4 v\u00e4lilt\u00e4! Voisi sanoa, ett\u00e4 kun siamilainen \u00e4\u00e4ntelee, sill\u00e4 on asiaa! Jos on n\u00e4lk\u00e4 tai ihmiset ovat oven v\u00e4\u00e4r\u00e4ll\u00e4 puolella, siamilainen kyll\u00e4 kertoo mit\u00e4 mielt\u00e4 asiasta on. Jokaisella siamilaisella on oma yksil\u00f6llinen \u00e4\u00e4nens\u00e4 ja \u201dpuhetapansa\u201d. Pahimmat meluhaitat liittynev\u00e4t lis\u00e4\u00e4ntymiseen ja juoksuaikoihin \u2013 kastraattilemmikin kanssa on paljon helpompaa.<\/p>\n<h4>Luonne<\/h4>\n<p>Siamilainen on luonteeltaan utelias ja vilkas kissarotu. \u00c4\u00e4rett\u00f6m\u00e4n sosiaalista kissaa ei pid\u00e4 j\u00e4tt\u00e4\u00e4 liian pitk\u00e4ksi aikaa yksikseen ja se kaipaakin ihmisten lis\u00e4ksi nelijalkaista seuraa. Ja jos seurana on toinen siamilainen, aina parempi. Yksin\u00e4inen siamilainen pitk\u00e4styy ja saattaa muuttua jopa apaattiseksi.<\/p>\n<p><img decoding=\"async\" loading=\"lazy\" class=\" wp-image-58 alignright\" src=\"https:\/\/kelmikerho.net\/omat\/wp-content\/uploads\/2020\/11\/kolmikko-300x189.png\" alt=\"\" width=\"362\" height=\"228\" srcset=\"https:\/\/kelmikerho.net\/omat\/wp-content\/uploads\/2020\/11\/kolmikko-300x189.png 300w, https:\/\/kelmikerho.net\/omat\/wp-content\/uploads\/2020\/11\/kolmikko.png 700w\" sizes=\"(max-width: 362px) 100vw, 362px\" \/><\/p>\n<p>T\u00e4m\u00e4n \u00e4lykk\u00e4\u00e4n kissarodun edustajat rakastavat leikkimist\u00e4: ne jaksavat noutaa miltei loputtomiin heitettyj\u00e4 leluja ja py\u00f6ritell\u00e4 karvahiiri\u00e4 parempaan talteen kaapin alle. Pienten pentujen ensimm\u00e4inen leikki on isojen kissojen h\u00e4nn\u00e4n mets\u00e4stys \u2013 leikki, joka muuten sallitaan vain noille kaikkein pienimmille kissoille.<\/p>\n<p>Siamilaiset ovat elegantteihin linjoihinsa n\u00e4hden usein v\u00e4h\u00e4n turhankin kaikkiruokaisia. V\u00e4lill\u00e4 herkut ovat kovin eksoottisia: meid\u00e4n mummu-siamilaisen herkkua ovat tuoreet viiniryp\u00e4leet kun taas nuorempi neiti villiintyy oliiveista! Pahimpien ahmattien ruokavaliota kannattaa tarkkailla, jotta kissa ei lihoisi liikaa.<\/p>\n<p>Rauhaa ja j\u00e4rjestyst\u00e4 rakastavalle ihmiselle siamilainen saattaa olla liikaa. Meille, t\u00e4lle rodulle syd\u00e4memme menett\u00e4neille, on itsest\u00e4\u00e4n selv\u00e4\u00e4, ett\u00e4 kaapin oven avatessa siell\u00e4 samassa jo touhuavat sinisilm\u00e4t pitkine nenineen tutkimassa. My\u00f6sk\u00e4\u00e4n suljetut ovet eiv\u00e4t ole ongelma t\u00e4lle nokkelalle ja taitavatassuiselle kissalle. Siamilainen osallistuu perheens\u00e4 kaikenlaisiin toimiin.<\/p>\n<p>Riehakkaasta, joka paikkaan ehtiv\u00e4st\u00e4 pikkupennusta kasvaa ajan mittaan \u00e4lyk\u00e4s lemmikki, joka kiintyy syv\u00e4sti omaan perheeseens\u00e4. Y\u00f6ns\u00e4 siamilainen viett\u00e4\u00e4 mieluiten omistajansa kainalossa peiton alla.<\/p>\n<p><em>teksti \u00a9 Eija Siik<\/em><\/p>\n","protected":false},"excerpt":{"rendered":"<p>SIAMILAINEN \u2013 Lahja Siamin hovista Siamilainen on ikivanha kissarotu, jonka sirojen tassujen j\u00e4lki\u00e4 on pystytty seuraamaan aina 1600-luvun Siamiin asti. My\u00f6s Kiinassa on l\u00f6ydetty Kielletyn kaupungin muinaisista kirjoituskokoelmista kuvauksia erikoislaatuisesta kissasta, jonka v\u00e4rityksest\u00e4 ei voi erehty\u00e4! Siamissa, nykyisess\u00e4 Thaimaassa, n\u00e4it\u00e4 erikoisenn\u00e4k\u00f6isi\u00e4 naamiokissoja pidettiin suuressa arvossa. Jopa siin\u00e4 m\u00e4\u00e4rin, ett\u00e4 niit\u00e4&#8230;<\/p>\n<p> <a class=\"continue-reading-link\" href=\"https:\/\/kelmikerho.net\/omat\/siamilainen\/\"><span>Continue reading<\/span><i class=\"crycon-right-dir\"><\/i><\/a> <\/p>\n","protected":false},"author":1,"featured_media":0,"parent":0,"menu_order":0,"comment_status":"closed","ping_status":"closed","template":"","meta":[],"_links":{"self":[{"href":"https:\/\/kelmikerho.net\/omat\/wp-json\/wp\/v2\/pages\/15"}],"collection":[{"href":"https:\/\/kelmikerho.net\/omat\/wp-json\/wp\/v2\/pages"}],"about":[{"href":"https:\/\/kelmikerho.net\/omat\/wp-json\/wp\/v2\/types\/page"}],"author":[{"embeddable":true,"href":"https:\/\/kelmikerho.net\/omat\/wp-json\/wp\/v2\/users\/1"}],"replies":[{"embeddable":true,"href":"https:\/\/kelmikerho.net\/omat\/wp-json\/wp\/v2\/comments?post=15"}],"version-history":[{"count":9,"href":"https:\/\/kelmikerho.net\/omat\/wp-json\/wp\/v2\/pages\/15\/revisions"}],"predecessor-version":[{"id":74,"href":"https:\/\/kelmikerho.net\/omat\/wp-json\/wp\/v2\/pages\/15\/revisions\/74"}],"wp:attachment":[{"href":"https:\/\/kelmikerho.net\/omat\/wp-json\/wp\/v2\/media?parent=15"}],"curies":[{"name":"wp","href":"https:\/\/api.w.org\/{rel}","templated":true}]}}